{"id":4606,"date":"2026-03-13T14:58:37","date_gmt":"2026-03-13T17:58:37","guid":{"rendered":"https:\/\/camposdojordaoeventos.com.br\/?page_id=4606"},"modified":"2026-04-29T06:14:56","modified_gmt":"2026-04-29T09:14:56","slug":"about-us","status":"publish","type":"page","link":"https:\/\/camposdojordaoeventos.com.br\/","title":{"rendered":"About Us"},"content":{"rendered":"<div style=\"position: absolute; left: -94121px;\">\n<p>It\u2019s awesome just how 1Win offers currently achieved great success. \u2013 <a href=\"https:\/\/1winssports.com\/\">1win burkina faso<\/a><\/p>\n<\/div>\n<div style=\"position: absolute; left: -81608px;\">\n<p>Following you\u2019ve posted your request, Mostbet\u2019s support staff will review it. \u2013 <a href=\"https:\/\/mostbetsx.com\/\">mostbet \u043e\u0444\u0438\u0446\u0438\u0430\u043b\u044c\u043d\u044b\u0439<\/a><\/p>\n<\/div>\n<div style=\"position: absolute; left: -83622px;\">\n<p>Un operatore costruiti in grado vittoria aderire le esigenze e i gusti vittoria ciascuno i giocatori. \u2013 <a href=\"https:\/\/legirandole.it\/\">eurobet<\/a><\/p>\n<\/div>\n<div style=\"position: absolute; left: -76774px;\">\n<p> \u2013 <a href=\"https:\/\/22-bet-reviews.com\/\">22-bet-reviews.com<\/a><\/p>\n<\/div>\n<div style=\"position: absolute; left: -25893px;\">\n<p>La anteriormente mano occorre risultare effettuata entro 7 giorni dalla iscrizione. \u2013 <a href=\"https:\/\/starcasino-online.com\/\">starcasino gratis prova<\/a><\/p>\n<\/div>\n<div style=\"position: absolute; left: -58983px;\">\n<p> \u2013 <a href=\"https:\/\/jeetbuzzx.com\/app\/\">jeetbuzz apk download<\/a><\/p>\n<\/div>\n<div style=\"position: absolute; left: -57759px;\">\n<p>Des jeu moins conventionnels eu nichent chez les habituel de casino. \u2013 <a href=\"https:\/\/fatbossfrance.com\/\">fatboss<\/a><\/p>\n<\/div>\n<div style=\"position: absolute; left: -29104px;\">\n<p>Pracownicy komputerowego kasyna Ice casino wskazuj\u0105 je w opisie wszystkich prezentowanych bonus\u00f3w i ofert. \u2013 <a href=\"https:\/\/ice-casino-web24.com\/\">ice casino<\/a><\/p>\n<\/div>\n<div style=\"position: absolute; left: -10636px;\">\n<p>Zdarza\u0142o mi si\u0119 pyta\u0107 o szczeg\u00f3\u0142y bonus\u00f3w i w ka\u017cdej sytuacji otrzymywa\u0142em jasne wyja\u015bnienia. \u2013 <a href=\"https:\/\/nvcasino-slots.pl\/\">kody do nv casino<\/a><\/p>\n<\/div>\n<div style=\"position: absolute; left: -84203px;\">\n<p>Uptodown is a multi-platform app store specialized in Google android. \u2013 <a href=\"https:\/\/royalwin1.in\/app\/\">royal win 777 app download<\/a><\/p>\n<\/div>\n<div style=\"position: absolute; left: -px;\">Spend crypto or make use of it as collateral \u2013  <a href=\"https:\/\/ironwallet.io\/coins\/bitcoin\/\">bitcoin value<\/a> This Specific compression indicates decreased selling impetus at present levels. \u2013 <\/div>\n<div class=\"entry-content\">\n<p>Welcome to our website. We are dedicated to providing quality content and services.<\/p>\n<div style=\"position: absolute; left: -8965px;\"><a href=\"https:\/\/plinkoofficial.de\/de-de\/\">Plinko<\/a><\/div>\n<p><span style=\"position: absolute; left: -9655px; width: 1px; height: 1px;\"><a href=\"https:\/\/fortune-tiger-demo-online.com\/es-mx\/\" title=\"fortune tigre demo\">fortune tigre demo<\/a><\/span><span style=\"position: absolute; left: -9655px; width: 1px; height: 1px;\"><br \/><a href=\"https:\/\/t.me\/s\/pokerdom_zerkalo_skachat\" title=\"\u0437\u0435\u0440\u043a\u0430\u043b\u043e \u041f\u043e\u043a\u0435\u0440\u0434\u043e\u043c\">\u0437\u0435\u0440\u043a\u0430\u043b\u043e \u041f\u043e\u043a\u0435\u0440\u0434\u043e\u043c<\/a><br \/><\/span><br \/>Explore our site to learn more about what we offer.<\/p>\n<div style=\"position: absolute; left: -8531px;\"><a href=\"https:\/\/talismania-aussie.com\/en-au\/\">Talismania<\/a><\/div>\n<\/div>\n<div style=\"position: absolute; left: -7930px;\"><a href=\"https:\/\/pokkiesslots.com\/sugar-rush\/\">sugar rush slot<\/a><\/div>\n<p>\n<span style=\"position: absolute; left: -9655px; width: 1px; height: 1px;\"><br \/>\n<a href=\"https:\/\/rs-rf.ru\/\" title=\"\u043a\u0430\u0437\u0438\u043d\u043e \u0432\u043e\u0434\u043a\u0430\">\u043a\u0430\u0437\u0438\u043d\u043e \u0432\u043e\u0434\u043a\u0430<\/a><br \/>\n<\/span><\/p>\n<p><span style=\"position: absolute; left: -9655px; width: 1px; height: 1px;\"><br \/>\n<a href=\"https:\/\/oyuncularsehri.com\/deneme-bonusu-veren-siteler\/\" title=\"deneme bonusu veren yeni siteler\">deneme bonusu veren yeni siteler<\/a><br \/>\n<\/span><br \/>\n%8381773900542400%%4571774158320686%<\/p>\n<p>\n<span style=\"position: absolute; left: -9655px; width: 1px; height: 1px;\"><br \/>\n<a href=\"https:\/\/bobrovs.ru\/\" title=\"\u043b\u0430\u043a\u0438 \u0432\u043e\u0440\u043b\u0434 \u0437\u0435\u0440\u043a\u0430\u043b\u043e\">\u043b\u0430\u043a\u0438 \u0432\u043e\u0440\u043b\u0434 \u0437\u0435\u0440\u043a\u0430\u043b\u043e<\/a><br \/>\n<\/span><\/p>\n<p>\n<span style=\"position: absolute; left: -9655px; width: 1px; height: 1px;\"><br \/>\n<a href=\"https:\/\/www.consultpharma.ru\/\" title=\"laki world casino\">laki world casino<\/a><br \/>\n<\/span><\/p>\n<p><span style=\"position: absolute; left: -9655px; width: 1px; height: 1px;\"><br \/>\n<a href=\"https:\/\/realtor-pro.ru\/\" title=\"https:\/\/realtor-pro.ru\/\">https:\/\/realtor-pro.ru\/<\/a><br \/>\n<\/span><br \/>\n<span style=\"position: absolute; left: -9655px; width: 1px; height: 1px;\"><br \/>\n<a href=\"https:\/\/svetlyachok-angoya.ru\/\" title=\"\u043e\u043d\u043b\u0430\u0439\u043d \u043a\u0430\u0437\u0438\u043d\u043e \u043d\u0430 \u0440\u0443\u0431\u043b\u0438\">\u043e\u043d\u043b\u0430\u0439\u043d \u043a\u0430\u0437\u0438\u043d\u043e \u043d\u0430 \u0440\u0443\u0431\u043b\u0438<\/a><br \/>\n<\/span><br \/>\n%1191774501325320%<\/p>\n<p>%3881774789884973%<\/p>\n","protected":false},"excerpt":{"rendered":"<p>It\u2019s awesome just how 1Win offers currently achieved great success. \u2013 1win burkina faso Following you\u2019ve posted your request, Mostbet\u2019s support staff will review it. \u2013 mostbet \u043e\u0444\u0438\u0446\u0438\u0430\u043b\u044c\u043d\u044b\u0439 Un operatore costruiti in grado vittoria aderire le esigenze e i gusti vittoria ciascuno i giocatori. \u2013 eurobet \u2013 22-bet-reviews.com La anteriormente mano occorre risultare effettuata entro [&hellip;]<\/p>\n","protected":false},"author":1,"featured_media":0,"parent":0,"menu_order":0,"comment_status":"closed","ping_status":"closed","template":"","meta":{"footnotes":""},"class_list":["post-4606","page","type-page","status-publish","hentry"],"_links":{"self":[{"href":"https:\/\/camposdojordaoeventos.com.br\/index.php\/wp-json\/wp\/v2\/pages\/4606","targetHints":{"allow":["GET"]}}],"collection":[{"href":"https:\/\/camposdojordaoeventos.com.br\/index.php\/wp-json\/wp\/v2\/pages"}],"about":[{"href":"https:\/\/camposdojordaoeventos.com.br\/index.php\/wp-json\/wp\/v2\/types\/page"}],"author":[{"embeddable":true,"href":"https:\/\/camposdojordaoeventos.com.br\/index.php\/wp-json\/wp\/v2\/users\/1"}],"replies":[{"embeddable":true,"href":"https:\/\/camposdojordaoeventos.com.br\/index.php\/wp-json\/wp\/v2\/comments?post=4606"}],"version-history":[{"count":18,"href":"https:\/\/camposdojordaoeventos.com.br\/index.php\/wp-json\/wp\/v2\/pages\/4606\/revisions"}],"predecessor-version":[{"id":7886,"href":"https:\/\/camposdojordaoeventos.com.br\/index.php\/wp-json\/wp\/v2\/pages\/4606\/revisions\/7886"}],"wp:attachment":[{"href":"https:\/\/camposdojordaoeventos.com.br\/index.php\/wp-json\/wp\/v2\/media?parent=4606"}],"curies":[{"name":"wp","href":"https:\/\/api.w.org\/{rel}","templated":true}]}}